{"id":85,"date":"2015-12-14T17:23:39","date_gmt":"2015-12-14T16:23:39","guid":{"rendered":"http:\/\/localhost\/wordpress\/?page_id=85"},"modified":"2018-04-06T09:21:40","modified_gmt":"2018-04-06T08:21:40","slug":"mentions-legales","status":"publish","type":"page","link":"https:\/\/association-schole.com\/index.php\/mentions-legales\/","title":{"rendered":"MENTIONS L\u00c9GALES"},"content":{"rendered":"<h1>Mentions l\u00e9gales<\/h1>\n<h2><em>Editeur<\/em><\/h2>\n<p><strong>Association Schol\u00e8<\/strong><br \/>\nassociation loi de 1901 d\u00e9clar\u00e9e \u00e0 la Pr\u00e9fecture des Hauts de Seine sous le n\u00b0 W922008632<br \/>\nSi\u00e8ge social\u00a0: 4 boulevard Jean Mermoz \u00e0 Neuilly sur Seine (92200)<br \/>\nPr\u00e9sident\u00a0: Jean-Louis CABARET<br \/>\nContact\u00a0: <em>association-schole@laposte.net<\/em><\/p>\n<h2><em>H\u00e9bergement du site<\/em><\/h2>\n<p>OVH &#8211; 2 rue Kellermann &#8211; 59100 Roubaix &#8211; France &#8211; T\u00e9l. 09 72 10 10 07<\/p>\n<h2><em>Engagements<\/em><\/h2>\n<ul>\n<li><strong>L&rsquo;\u00e9diteur\u00a0:<\/strong><br \/>\nL&rsquo;\u00e9dition d&rsquo;informations en ligne ob\u00e9it aux m\u00eames r\u00e8gles l\u00e9gales que l&rsquo;\u00e9dition traditionnelle. L\u2019Association Schol\u00e8 autorise le lecteur \u00e0 imprimer tout ou partie du contenu propos\u00e9 sur le site pour son usage strictement personnel. En aucun cas, elle ne sera tenue responsable des dommages directs ou indirects r\u00e9sultant de l&rsquo;usage de son site web.<\/li>\n<li><strong>L&rsquo;internaute\u00a0:<\/strong><br \/>\nL&rsquo;utilisateur du site s&rsquo;engage \u00e0 respecter les r\u00e8gles de propri\u00e9t\u00e9 intellectuelle des divers contenus propos\u00e9s sur le site, c&rsquo;est-\u00e0-dire \u00e0 ne pas recopier tout ou partie de ces contenus sur un autre site. L&rsquo;internaute est seul responsable de l&rsquo;utilisation qu&rsquo;il peut faire des informations contenues sur ce site. La violation de ces dispositions imp\u00e9ratives soumet le contrevenant aux peines p\u00e9nales et civiles pr\u00e9vues par la loi.<\/li>\n<\/ul>\n<p><strong>Toute reproduction, totale ou partielle, sur tout support, de ce site (textes, images, logos) est interdite sans l&rsquo;autorisation expresse de l\u2019<\/strong><strong>Association Schol\u00e8. <\/strong><\/p>\n","protected":false},"excerpt":{"rendered":"<p>Mentions l\u00e9gales Editeur Association Schol\u00e8 association loi de 1901 d\u00e9clar\u00e9e \u00e0 la Pr\u00e9fecture des Hauts de Seine sous le n\u00b0 W922008632 Si\u00e8ge social\u00a0: 4 boulevard Jean Mermoz \u00e0 Neuilly sur Seine (92200) Pr\u00e9sident\u00a0: Jean-Louis CABARET Contact\u00a0: association-schole@laposte.net H\u00e9bergement du site OVH &#8211; 2 rue Kellermann &#8211; 59100 Roubaix &#8211; France &#8211; T\u00e9l. 09 72 10 &hellip; <a href=\"https:\/\/association-schole.com\/index.php\/mentions-legales\/\" class=\"more-link\">Continuer la lecture de <span class=\"screen-reader-text\">MENTIONS L\u00c9GALES<\/span> <span class=\"meta-nav\">&rarr;<\/span><\/a><\/p>\n","protected":false},"author":1,"featured_media":0,"parent":0,"menu_order":0,"comment_status":"closed","ping_status":"closed","template":"","meta":{"footnotes":""},"class_list":["post-85","page","type-page","status-publish","hentry"],"_links":{"self":[{"href":"https:\/\/association-schole.com\/index.php\/wp-json\/wp\/v2\/pages\/85","targetHints":{"allow":["GET"]}}],"collection":[{"href":"https:\/\/association-schole.com\/index.php\/wp-json\/wp\/v2\/pages"}],"about":[{"href":"https:\/\/association-schole.com\/index.php\/wp-json\/wp\/v2\/types\/page"}],"author":[{"embeddable":true,"href":"https:\/\/association-schole.com\/index.php\/wp-json\/wp\/v2\/users\/1"}],"replies":[{"embeddable":true,"href":"https:\/\/association-schole.com\/index.php\/wp-json\/wp\/v2\/comments?post=85"}],"version-history":[{"count":6,"href":"https:\/\/association-schole.com\/index.php\/wp-json\/wp\/v2\/pages\/85\/revisions"}],"predecessor-version":[{"id":191,"href":"https:\/\/association-schole.com\/index.php\/wp-json\/wp\/v2\/pages\/85\/revisions\/191"}],"wp:attachment":[{"href":"https:\/\/association-schole.com\/index.php\/wp-json\/wp\/v2\/media?parent=85"}],"curies":[{"name":"wp","href":"https:\/\/api.w.org\/{rel}","templated":true}]}}