{"id":8,"date":"2015-11-18T00:16:34","date_gmt":"2015-11-17T23:16:34","guid":{"rendered":"http:\/\/localhost\/wordpress\/?page_id=8"},"modified":"2023-03-11T16:07:03","modified_gmt":"2023-03-11T15:07:03","slug":"accueil","status":"publish","type":"page","link":"https:\/\/association-schole.com\/index.php\/accueil\/","title":{"rendered":"SCHOL\u00c8"},"content":{"rendered":"<h1>L\u2019association Schol\u00e8<\/h1>\n<p>Notre association, fond\u00e9e en 2014, a pour objectif d&rsquo;introduire \u00e0 la pens\u00e9e d\u2019Aristote et \u00e0 celle de Thomas d\u2019Aquin, de montrer leur actualit\u00e9.<br \/>\nElle s&rsquo;appuie sur des auteurs du 20<sup>\u00e8me<\/sup> si\u00e8cle tels que Jacques de Monl\u00e9on, Daniel-Joseph Lallement, Charles De Koninck, qui ont d\u00e9velopp\u00e9 une pens\u00e9e originale et \u00e9clair\u00e9 les d\u00e9bats contemporains \u00e0 la lumi\u00e8re de la philosophie r\u00e9aliste d&rsquo;Aristote et de Thomas d&rsquo;Aquin.<br \/>\nLe mot grec<em> schol\u00e8<\/em> (\u03c3\u03c7\u03bf\u03bb\u03ae) signifie \u00ab\u00a0temps libre\u00a0\u00bb, et en particulier la libert\u00e9 d\u2019esprit qui permet de r\u00e9fl\u00e9chir aux questions fondamentales de l\u2019existence humaine : du temps pour penser.<\/p>\n<h2><em>Qui sommes-nous\u00a0?<\/em><\/h2>\n<p>Schol\u00e8 est une association qui r\u00e9unit des professeurs de philosophie et des personnes de formations vari\u00e9es.<br \/>\nElle a pour pr\u00e9sident Jean-Louis Cabaret, ing\u00e9nieur, et pour vice-pr\u00e9sident Gilles Berceville, dominicain, professeur de th\u00e9ologie \u00e0 la facult\u00e9 de l\u2019Institut Catholique de Paris.<\/p>\n<p><strong>Contact :<\/strong> <span style=\"color: #0070c0;\"><em>association-schole@laposte.net<\/em><\/span><\/p>\n","protected":false},"excerpt":{"rendered":"<p>L\u2019association Schol\u00e8 Notre association, fond\u00e9e en 2014, a pour objectif d&rsquo;introduire \u00e0 la pens\u00e9e d\u2019Aristote et \u00e0 celle de Thomas d\u2019Aquin, de montrer leur actualit\u00e9. Elle s&rsquo;appuie sur des auteurs du 20\u00e8me si\u00e8cle tels que Jacques de Monl\u00e9on, Daniel-Joseph Lallement, Charles De Koninck, qui ont d\u00e9velopp\u00e9 une pens\u00e9e originale et \u00e9clair\u00e9 les d\u00e9bats contemporains \u00e0 &hellip; <a href=\"https:\/\/association-schole.com\/index.php\/accueil\/\" class=\"more-link\">Continuer la lecture de <span class=\"screen-reader-text\">SCHOL\u00c8<\/span> <span class=\"meta-nav\">&rarr;<\/span><\/a><\/p>\n","protected":false},"author":1,"featured_media":0,"parent":0,"menu_order":0,"comment_status":"closed","ping_status":"closed","template":"","meta":{"footnotes":""},"class_list":["post-8","page","type-page","status-publish","hentry"],"_links":{"self":[{"href":"https:\/\/association-schole.com\/index.php\/wp-json\/wp\/v2\/pages\/8","targetHints":{"allow":["GET"]}}],"collection":[{"href":"https:\/\/association-schole.com\/index.php\/wp-json\/wp\/v2\/pages"}],"about":[{"href":"https:\/\/association-schole.com\/index.php\/wp-json\/wp\/v2\/types\/page"}],"author":[{"embeddable":true,"href":"https:\/\/association-schole.com\/index.php\/wp-json\/wp\/v2\/users\/1"}],"replies":[{"embeddable":true,"href":"https:\/\/association-schole.com\/index.php\/wp-json\/wp\/v2\/comments?post=8"}],"version-history":[{"count":69,"href":"https:\/\/association-schole.com\/index.php\/wp-json\/wp\/v2\/pages\/8\/revisions"}],"predecessor-version":[{"id":426,"href":"https:\/\/association-schole.com\/index.php\/wp-json\/wp\/v2\/pages\/8\/revisions\/426"}],"wp:attachment":[{"href":"https:\/\/association-schole.com\/index.php\/wp-json\/wp\/v2\/media?parent=8"}],"curies":[{"name":"wp","href":"https:\/\/api.w.org\/{rel}","templated":true}]}}