{"id":21,"date":"2015-11-18T00:34:19","date_gmt":"2015-11-17T23:34:19","guid":{"rendered":"http:\/\/localhost\/wordpress\/?page_id=21"},"modified":"2021-12-10T12:58:54","modified_gmt":"2021-12-10T11:58:54","slug":"auteurs","status":"publish","type":"page","link":"https:\/\/association-schole.com\/index.php\/auteurs\/","title":{"rendered":"NOS AUTEURS"},"content":{"rendered":"<h1>Nos auteurs du 20<sup><span style=\"font-size: small;\">\u00e8me<\/span><\/sup> si\u00e8cle<\/h1>\n<p>\u00a0<\/p>\n<p>L\u2019association <strong>Schol\u00e8<\/strong> a pour objectif d&rsquo;introduire \u00e0 la pens\u00e9e d\u2019Aristote et \u00e0 celle de Thomas d\u2019Aquin, de montrer leur actualit\u00e9.<br \/>Elle s&rsquo;appuie sur des auteurs du 20<sup><span style=\"font-size: small;\">\u00e8me<\/span><\/sup> si\u00e8cle tels que Jacques de Monl\u00e9on, Daniel-Joseph Lallement, Charles De Koninck.<br \/>Au-del\u00e0 de leurs personnalit\u00e9s tr\u00e8s diff\u00e9rentes et de leurs p\u00e9dagogies respectives, ces philosophes et th\u00e9ologiens ont partag\u00e9 la m\u00eame approche d\u2019Aristote et de Thomas d\u2019Aquin et voyaient une harmonie profonde entre ces deux penseurs.<\/p>\n<p>\u00a0<\/p>\n<p>Pour en savoir plus sur ces auteurs :<\/p>\n<p><strong><span style=\"color: #0070c0;\"><a style=\"color: #0070c0;\" href=\"http:\/\/association-schole.com\/index.php\/auteurs\/jacques_de_monleon\/\">Jacques de Monl\u00e9on<\/a><\/span><\/strong><br \/>(1901-1981) professeur de philosophie \u00e0 l\u2019Institut Catholique de Paris et \u00e0 l\u2019Universit\u00e9 Laval de Qu\u00e9bec<\/p>\n<p><span style=\"color: #0070c0;\"><strong><a style=\"color: #0070c0;\" href=\"http:\/\/association-schole.com\/index.php\/auteurs\/daniel-joseph-lallement\/\">Daniel-Joseph Lallement<\/a><\/strong><\/span><br \/>(1892-1977) professeur de th\u00e9ologie \u00e0 l\u2019Institut Catholique de Paris<\/p>\n<p><a href=\"http:\/\/association-schole.com\/index.php\/charles-de-koninck\/\"><span style=\"color: #0070c0;\"><strong>Charles De Koninck <\/strong><\/span><\/a><br \/>(1906-1965) professeur de philosophie \u00e0 l\u2019Universit\u00e9 Laval de Qu\u00e9bec<\/p>\n\n\n<p><\/p>\n","protected":false},"excerpt":{"rendered":"<p>Nos auteurs du 20\u00e8me si\u00e8cle \u00a0 L\u2019association Schol\u00e8 a pour objectif d&rsquo;introduire \u00e0 la pens\u00e9e d\u2019Aristote et \u00e0 celle de Thomas d\u2019Aquin, de montrer leur actualit\u00e9.Elle s&rsquo;appuie sur des auteurs du 20\u00e8me si\u00e8cle tels que Jacques de Monl\u00e9on, Daniel-Joseph Lallement, Charles De Koninck.Au-del\u00e0 de leurs personnalit\u00e9s tr\u00e8s diff\u00e9rentes et de leurs p\u00e9dagogies respectives, ces philosophes &hellip; <a href=\"https:\/\/association-schole.com\/index.php\/auteurs\/\" class=\"more-link\">Continuer la lecture de <span class=\"screen-reader-text\">NOS AUTEURS<\/span> <span class=\"meta-nav\">&rarr;<\/span><\/a><\/p>\n","protected":false},"author":1,"featured_media":0,"parent":0,"menu_order":0,"comment_status":"closed","ping_status":"closed","template":"","meta":{"footnotes":""},"class_list":["post-21","page","type-page","status-publish","hentry"],"_links":{"self":[{"href":"https:\/\/association-schole.com\/index.php\/wp-json\/wp\/v2\/pages\/21","targetHints":{"allow":["GET"]}}],"collection":[{"href":"https:\/\/association-schole.com\/index.php\/wp-json\/wp\/v2\/pages"}],"about":[{"href":"https:\/\/association-schole.com\/index.php\/wp-json\/wp\/v2\/types\/page"}],"author":[{"embeddable":true,"href":"https:\/\/association-schole.com\/index.php\/wp-json\/wp\/v2\/users\/1"}],"replies":[{"embeddable":true,"href":"https:\/\/association-schole.com\/index.php\/wp-json\/wp\/v2\/comments?post=21"}],"version-history":[{"count":22,"href":"https:\/\/association-schole.com\/index.php\/wp-json\/wp\/v2\/pages\/21\/revisions"}],"predecessor-version":[{"id":375,"href":"https:\/\/association-schole.com\/index.php\/wp-json\/wp\/v2\/pages\/21\/revisions\/375"}],"wp:attachment":[{"href":"https:\/\/association-schole.com\/index.php\/wp-json\/wp\/v2\/media?parent=21"}],"curies":[{"name":"wp","href":"https:\/\/api.w.org\/{rel}","templated":true}]}}