{"id":10,"date":"2015-11-18T00:16:35","date_gmt":"2015-11-17T23:16:35","guid":{"rendered":"http:\/\/localhost\/wordpress\/?page_id=10"},"modified":"2026-01-25T19:35:39","modified_gmt":"2026-01-25T18:35:39","slug":"activites","status":"publish","type":"page","link":"https:\/\/association-schole.com\/index.php\/activites\/","title":{"rendered":"ACTIVIT\u00c9S"},"content":{"rendered":"<h1>Nos activit\u00e9s<\/h1>\n\n\n<h2><em>Ateliers philosophiques 2025<\/em><\/h2>\n<p>Les ateliers d&rsquo;\u00e9changes philosophiques 2025 ont port\u00e9 sur le th\u00e8me : <strong><em>Comment concilier v\u00e9rit\u00e9 et tol\u00e9rance dans une soci\u00e9t\u00e9 pluraliste ?<\/em><\/strong> autour du livre de Roger Pouivet <em>\u00ab\u00a0La cohabitation des religions\u00a0\u00bb<\/em>.\nVous pouvez \u00e9couter ci-dessous les enregistrements de ces ateliers :<\/p>\n\n\n<p><strong>16\/1\/2025&nbsp;:<\/strong>&nbsp;La libert\u00e9 religieuse&nbsp;:&nbsp;de quoi s&rsquo;agit-il ?<br><audio class=\"wp-audio-shortcode\" id=\"audio-10-1\" preload=\"none\" style=\"width: 100%;\" controls=\"controls\"><source type=\"audio\/mpeg\" src=\"http:\/\/association-schole.com\/wp-content\/uploads\/2025\/01\/atelier-du-16-janvier-2025.mp3?_=1\" \/><a href=\"http:\/\/association-schole.com\/wp-content\/uploads\/2025\/01\/atelier-du-16-janvier-2025.mp3\">http:\/\/association-schole.com\/wp-content\/uploads\/2025\/01\/atelier-du-16-janvier-2025.mp3<\/a><\/audio><\/p>\n\n\n\n<p><strong>23\/1\/2025&nbsp;:<\/strong>&nbsp;La diversit\u00e9 et le d\u00e9saccord des religions<br><audio class=\"wp-audio-shortcode\" id=\"audio-10-2\" preload=\"none\" style=\"width: 100%;\" controls=\"controls\"><source type=\"audio\/mpeg\" src=\"http:\/\/association-schole.com\/wp-content\/uploads\/2025\/01\/atelier-du-23-janvier-2025.mp3?_=2\" \/><a href=\"http:\/\/association-schole.com\/wp-content\/uploads\/2025\/01\/atelier-du-23-janvier-2025.mp3\">http:\/\/association-schole.com\/wp-content\/uploads\/2025\/01\/atelier-du-23-janvier-2025.mp3<\/a><\/audio><\/p>\n\n\n\n<p><strong>13\/3\/2025&nbsp;:<\/strong>&nbsp;La vraie religion<br><audio class=\"wp-audio-shortcode\" id=\"audio-10-3\" preload=\"none\" style=\"width: 100%;\" controls=\"controls\"><source type=\"audio\/mpeg\" src=\"http:\/\/association-schole.com\/wp-content\/uploads\/2025\/03\/atelier-du-13-mars-2025.mp3?_=3\" \/><a href=\"http:\/\/association-schole.com\/wp-content\/uploads\/2025\/03\/atelier-du-13-mars-2025.mp3\">http:\/\/association-schole.com\/wp-content\/uploads\/2025\/03\/atelier-du-13-mars-2025.mp3<\/a><\/audio><\/p>\n\n\n\n<p><strong>20\/3\/2025&nbsp;:&nbsp;<\/strong>Exclusivisme et v\u00e9rit\u00e9<br><audio class=\"wp-audio-shortcode\" id=\"audio-10-4\" preload=\"none\" style=\"width: 100%;\" controls=\"controls\"><source type=\"audio\/mpeg\" src=\"http:\/\/association-schole.com\/wp-content\/uploads\/2025\/03\/atelier-du-20-mars-2025.mp3?_=4\" \/><a href=\"http:\/\/association-schole.com\/wp-content\/uploads\/2025\/03\/atelier-du-20-mars-2025.mp3\">http:\/\/association-schole.com\/wp-content\/uploads\/2025\/03\/atelier-du-20-mars-2025.mp3<\/a><\/audio><\/p>\n\n<h2><em>Ateliers philosophiques 2024<\/em><\/h2>\n<p>L\u2019association Schol\u00e8 a organis\u00e9 d\u00e9but 2024 des ateliers d&rsquo;\u00e9changes philosophiques,\nanim\u00e9s par fr\u00e8re Gilles Berceville, sur le th\u00e8me : <em><strong>\u00ab\u00a0Qu&rsquo;est-ce que la libert\u00e9 ?\u00a0\u00bb\n<\/strong><\/em>\u00e0 partir d&rsquo;un texte de Jacques de Monl\u00e9on : <a href=\"http:\/\/association-schole.com\/wp-content\/uploads\/2024\/10\/La-liberte-Jacques-de-Monleon.pdf\">La libert\u00e9 &#8211; Jacques de Monl\u00e9on<\/a>\n<\/p>\n<ol>\n \t<li>jeudi 18 janvier : Comment se pose le probl\u00e8me de la libert\u00e9<audio class=\"wp-audio-shortcode\" id=\"audio-10-5\" preload=\"none\" style=\"width: 100%;\" controls=\"controls\"><source type=\"audio\/mpeg\" src=\"http:\/\/association-schole.com\/wp-content\/uploads\/2024\/01\/atelier-du-18-01-2024.mp3?_=5\" \/><a href=\"http:\/\/association-schole.com\/wp-content\/uploads\/2024\/01\/atelier-du-18-01-2024.mp3\">http:\/\/association-schole.com\/wp-content\/uploads\/2024\/01\/atelier-du-18-01-2024.mp3<\/a><\/audio><\/li>\n \t<li>jeudi 1er f\u00e9vrier : La libert\u00e9 du point de vue \u00e9thique<audio class=\"wp-audio-shortcode\" id=\"audio-10-6\" preload=\"none\" style=\"width: 100%;\" controls=\"controls\"><source type=\"audio\/mpeg\" src=\"http:\/\/association-schole.com\/wp-content\/uploads\/2024\/02\/atelier-du-01-02-2024.mp3?_=6\" \/><a href=\"http:\/\/association-schole.com\/wp-content\/uploads\/2024\/02\/atelier-du-01-02-2024.mp3\">http:\/\/association-schole.com\/wp-content\/uploads\/2024\/02\/atelier-du-01-02-2024.mp3<\/a><\/audio><\/li>\n \t<li>jeudi 14 mars : La libert\u00e9 du point de vue politique<audio class=\"wp-audio-shortcode\" id=\"audio-10-7\" preload=\"none\" style=\"width: 100%;\" controls=\"controls\"><source type=\"audio\/mpeg\" src=\"http:\/\/association-schole.com\/wp-content\/uploads\/2024\/03\/atelier-du-14-03-2024.mp3?_=7\" \/><a href=\"http:\/\/association-schole.com\/wp-content\/uploads\/2024\/03\/atelier-du-14-03-2024.mp3\">http:\/\/association-schole.com\/wp-content\/uploads\/2024\/03\/atelier-du-14-03-2024.mp3<\/a><\/audio><\/li>\n \t<li>jeudi 21 mars : Les \u00e9l\u00e9ments essentiels de tout acte libre<audio class=\"wp-audio-shortcode\" id=\"audio-10-8\" preload=\"none\" style=\"width: 100%;\" controls=\"controls\"><source type=\"audio\/mpeg\" src=\"http:\/\/association-schole.com\/wp-content\/uploads\/2024\/04\/atelier-du-21-03-2024.mp3?_=8\" \/><a href=\"http:\/\/association-schole.com\/wp-content\/uploads\/2024\/04\/atelier-du-21-03-2024.mp3\">http:\/\/association-schole.com\/wp-content\/uploads\/2024\/04\/atelier-du-21-03-2024.mp3<\/a><\/audio><\/li>\n<\/ol>\n<h2><\/h2>\n<h2><em>Ateliers philosophiques 2023<\/em><\/h2>\n<p>Les ateliers d&rsquo;\u00e9changes philosophiques 2023, anim\u00e9s par fr\u00e8re Gilles Berceville, ont port\u00e9s sur :\n<em><strong>\u00ab\u00a0Les Vertus. Avec et pour les autres, se former \u00e0 une vie bonne.\u00a0\u00bb\n<\/strong><\/em>\u00e0 partir du livre <em>\u00ab\u00a0Apr\u00e8s la vertu\u00a0\u00bb<\/em> d&rsquo;Alasdaire MacIntyre.<\/p>\n<ol>\n \t<li>26 janvier 2023 : Le d\u00e9saccord moral aujourd&rsquo;hui<audio class=\"wp-audio-shortcode\" id=\"audio-10-9\" preload=\"none\" style=\"width: 100%;\" controls=\"controls\"><source type=\"audio\/mpeg\" src=\"http:\/\/association-schole.com\/wp-content\/uploads\/2023\/02\/atelier1.mp3?_=9\" \/><a href=\"http:\/\/association-schole.com\/wp-content\/uploads\/2023\/02\/atelier1.mp3\">http:\/\/association-schole.com\/wp-content\/uploads\/2023\/02\/atelier1.mp3<\/a><\/audio><\/li>\n \t<li>16 f\u00e9vrier 2023 :\u00a0 La conception des vertus selon les anciens<audio class=\"wp-audio-shortcode\" id=\"audio-10-10\" preload=\"none\" style=\"width: 100%;\" controls=\"controls\"><source type=\"audio\/mpeg\" src=\"http:\/\/association-schole.com\/wp-content\/uploads\/2023\/03\/atelier2.mp3?_=10\" \/><a href=\"http:\/\/association-schole.com\/wp-content\/uploads\/2023\/03\/atelier2.mp3\">http:\/\/association-schole.com\/wp-content\/uploads\/2023\/03\/atelier2.mp3<\/a><\/audio><\/li>\n \t<li>16 mars 2023 :\u00a0 Aristote et le bon larron. L&rsquo;\u00e9mergence d&rsquo;une \u00e9thique du pardon.<audio class=\"wp-audio-shortcode\" id=\"audio-10-11\" preload=\"none\" style=\"width: 100%;\" controls=\"controls\"><source type=\"audio\/mpeg\" src=\"http:\/\/association-schole.com\/wp-content\/uploads\/2023\/03\/atelier-3-mars-2023.mp3?_=11\" \/><a href=\"http:\/\/association-schole.com\/wp-content\/uploads\/2023\/03\/atelier-3-mars-2023.mp3\">http:\/\/association-schole.com\/wp-content\/uploads\/2023\/03\/atelier-3-mars-2023.mp3<\/a><\/audio><\/li>\n \t<li>20 avril 2023 :\u00a0 \u00a0 Formation morale et traditions communautaires.<audio class=\"wp-audio-shortcode\" id=\"audio-10-12\" preload=\"none\" style=\"width: 100%;\" controls=\"controls\"><source type=\"audio\/mpeg\" src=\"http:\/\/association-schole.com\/wp-content\/uploads\/2023\/04\/atelier-4-du-20-avril-2023.mp3?_=12\" \/><a href=\"http:\/\/association-schole.com\/wp-content\/uploads\/2023\/04\/atelier-4-du-20-avril-2023.mp3\">http:\/\/association-schole.com\/wp-content\/uploads\/2023\/04\/atelier-4-du-20-avril-2023.mp3<\/a><\/audio>\n\n&nbsp;<\/li>\n<\/ol>\n<h1><em>Conf\u00e9rences<\/em><\/h1>\n<p>L\u2019association Schol\u00e8 organise r\u00e9guli\u00e8rement des conf\u00e9rences sur un th\u00e8me philosophique, ouvertes \u00e0 tous.<br>\n<em>3 avril 2025 :\u00a0<\/em><strong>\n<em>LA COHABITATION DES RELIGIONS.\n<\/em><\/strong>Conf\u00e9rence de Roger Pouivet, professeur \u00e9m\u00e9rite \u00e0 l\u2019Universit\u00e9 de Lorraine, membre honoraire de l&rsquo;Institut Universitaire de France.<br>\n<em>23 mai 2024 :\u00a0<\/em><strong>\n<em>\u00c9DUQUER A LA LIBERT\u00c9.\n<\/em><\/strong>Conf\u00e9rence de Louis Brunet, docteur en philosophie (Universit\u00e9 Laval, Qu\u00e9bec).<br>\n<em>7 avril 2022 :\u00a0<\/em>\n<em><strong>LE VIRTUEL, UN RISQUE POUR L&rsquo;HUMAIN ?<\/strong><\/em>\nConf\u00e9rence de Laure Tabouy, docteure en neurosciences de l&rsquo;Universit\u00e9 de Paris et doctorante en neuro\u00e9thique.<br>\n\n<em>26 mai 2021 :\u00a0<\/em>\n<em><strong>LA R\u00c9VOLTE EST-ELLE JUSTE ?<\/strong><\/em>\nConf\u00e9rence de Bernard de Castera, docteur en philosophie, professeur \u00e0 la Facult\u00e9 de Philosophie et de Psychologie (IPC)<br>\n\n<em>28 mars 2019 :<\/em>\n<em><strong>LES \u0152UVRES D&rsquo;ART EXISTENT-ELLES ?<\/strong><\/em>\nConf\u00e9rence de Roger Pouivet, professeur \u00e0 l&rsquo;Universit\u00e9 de Lorraine, membre de l&rsquo;Institut Universitaire de France<br>\n\n3 f\u00e9vrier 2018 :\n<em><strong>LA QUESTION DE L&rsquo;EXISTENCE DE DIEU AUJOURD&rsquo;HUI.<\/strong><\/em>\nConf\u00e9rence de Michel Bastit, professeur \u00e0 l&rsquo;Universit\u00e9 de Dijon et aux Archives Poincar\u00e9<br>\n\n<em>28 janvier 2017 :<\/em>\n<em><strong>QU&rsquo;EST-CE QUE GOUVERNER ?<\/strong><\/em>\nConf\u00e9rence de Pierre Manent, ancien directeur d&rsquo;\u00e9tudes \u00e0 l&rsquo;EHESS<br>\n\n<em>23 janvier 2016 :<\/em>\n<em><strong>PENSER LE BIEN COMMUN AUJOURD\u2019HUI.<\/strong><\/em>\n<em><strong>Entre individu et collectif, quel est le chemin du bien commun\u00a0?<\/strong><\/em>\nConf\u00e9rence\u00a0de Michel Boyanc\u00e9, doyen de l\u2019IPC<br>\n\n<em>17 janvier 2015 :<\/em>\n<em><strong>DEUX DISCIPLES DE THOMAS D\u2019AQUIN AU 20<sup>e<\/sup> SIECLE :\nDaniel-Joseph Lallement et Jacques de Monl\u00e9on.<\/strong><\/em>\nConf\u00e9rence\u00a0de Gilles Berceville, o.p.<\/p>\n<!-- \/wp:post-content -->","protected":false},"excerpt":{"rendered":"<p>Nos activit\u00e9s Ateliers philosophiques 2025 Les ateliers d&rsquo;\u00e9changes philosophiques 2025 ont port\u00e9 sur le th\u00e8me : Comment concilier v\u00e9rit\u00e9 et tol\u00e9rance dans une soci\u00e9t\u00e9 pluraliste ? autour du livre de Roger Pouivet \u00ab\u00a0La cohabitation des religions\u00a0\u00bb. Vous pouvez \u00e9couter ci-dessous les enregistrements de ces ateliers : 16\/1\/2025&nbsp;:&nbsp;La libert\u00e9 religieuse&nbsp;:&nbsp;de quoi s&rsquo;agit-il ? 23\/1\/2025&nbsp;:&nbsp;La diversit\u00e9 et &hellip; <a href=\"https:\/\/association-schole.com\/index.php\/activites\/\" class=\"more-link\">Continuer la lecture de <span class=\"screen-reader-text\">ACTIVIT\u00c9S<\/span> <span class=\"meta-nav\">&rarr;<\/span><\/a><\/p>\n","protected":false},"author":1,"featured_media":0,"parent":0,"menu_order":0,"comment_status":"closed","ping_status":"closed","template":"","meta":{"footnotes":""},"class_list":["post-10","page","type-page","status-publish","hentry"],"_links":{"self":[{"href":"https:\/\/association-schole.com\/index.php\/wp-json\/wp\/v2\/pages\/10","targetHints":{"allow":["GET"]}}],"collection":[{"href":"https:\/\/association-schole.com\/index.php\/wp-json\/wp\/v2\/pages"}],"about":[{"href":"https:\/\/association-schole.com\/index.php\/wp-json\/wp\/v2\/types\/page"}],"author":[{"embeddable":true,"href":"https:\/\/association-schole.com\/index.php\/wp-json\/wp\/v2\/users\/1"}],"replies":[{"embeddable":true,"href":"https:\/\/association-schole.com\/index.php\/wp-json\/wp\/v2\/comments?post=10"}],"version-history":[{"count":132,"href":"https:\/\/association-schole.com\/index.php\/wp-json\/wp\/v2\/pages\/10\/revisions"}],"predecessor-version":[{"id":698,"href":"https:\/\/association-schole.com\/index.php\/wp-json\/wp\/v2\/pages\/10\/revisions\/698"}],"wp:attachment":[{"href":"https:\/\/association-schole.com\/index.php\/wp-json\/wp\/v2\/media?parent=10"}],"curies":[{"name":"wp","href":"https:\/\/api.w.org\/{rel}","templated":true}]}}