{"id":26,"date":"2015-11-18T00:42:19","date_gmt":"2015-11-17T23:42:19","guid":{"rendered":"http:\/\/localhost\/wordpress\/?page_id=26"},"modified":"2022-01-06T20:32:05","modified_gmt":"2022-01-06T19:32:05","slug":"jacques_de_monleon","status":"publish","type":"page","link":"http:\/\/association-schole.com\/index.php\/auteurs\/jacques_de_monleon\/","title":{"rendered":"Jacques de Monl\u00e9on"},"content":{"rendered":"<h1><strong>Jacques de Monl\u00e9on<\/strong><\/h1>\n<h2><a href=\"http:\/\/association-schole.com\/wp-content\/uploads\/2016\/12\/photo-Jacques-de-Monl\u00e9on-2-mini.jpg\"><img loading=\"lazy\" decoding=\"async\" class=\"size-full wp-image-144 aligncenter\" src=\"http:\/\/association-schole.com\/wp-content\/uploads\/2016\/12\/photo-Jacques-de-Monl\u00e9on-2-mini.jpg\" alt=\"\" width=\"194\" height=\"179\" \/><\/a><\/h2>\n<h2><em>Biographie<\/em><\/h2>\n<p>Jacques de Monl\u00e9on (1901-1981) a enseign\u00e9 la philosophie principalement \u00e0 l&rsquo;Institut Catholique de Paris et \u00e0 l&rsquo;Universit\u00e9 Laval de Qu\u00e9bec. Ses \u00e9tudiants appr\u00e9ciaient la clart\u00e9 et la profondeur de son enseignement. Mais il ne s\u2019adressait pas seulement aux \u00ab\u00a0sp\u00e9cialistes\u00a0\u00bb\u00a0; il a toujours aim\u00e9 rencontrer des interlocuteurs de tous horizons\u00a0: responsables d&rsquo;entreprises, \u00e9conomistes, scientifiques, ou simples groupes d&rsquo;amis d\u00e9sireux de r\u00e9flexion.<br \/>\nApr\u00e8s des \u00e9tudes de droit et de philosophie \u00e0 l&rsquo;Universit\u00e9 d&rsquo;Aix en Provence, Jacques de Monl\u00e9on se marie en 1926 et sera p\u00e8re de huit enfants. Il commence \u00e0 enseigner \u00e0 l&rsquo;Institut Catholique de Paris en 1929\u00a0: il y deviendra titulaire de la chaire de morale \u00e0 la Facult\u00e9 de Philosophie, et professeur de philosophie du droit \u00e0 la Facult\u00e9 de Droit Canonique.<br \/>\nParall\u00e8lement il assure chaque ann\u00e9e, de 1934 \u00e0 1973 (\u00e0 l\u2019exception des ann\u00e9es de guerre 1939-1945), quatre mois de cours \u00e0 l&rsquo;Universit\u00e9 Laval de Qu\u00e9bec. Il y rencontre Charles De Koninck\u00a0: tous deux se lieront d\u2019une profonde amiti\u00e9 et partageront les m\u00eames orientations philosophiques. L&rsquo;influence de Jacques de Monl\u00e9on au Canada restera durable et profonde. En signe de reconnaissance, l&rsquo;Universit\u00e9 Laval lui d\u00e9cernera en 1970 le titre de \u00ab\u00a0Docteur honoris causa\u00a0\u00bb.<br \/>\nMobilis\u00e9 en 1939-1940, il re\u00e7ut la croix de guerre en juin 1940.<br \/>\nEn 1955, il fut nomm\u00e9 Chevalier de la L\u00e9gion d\u2019Honneur pour sa participation au rayonnement de la France \u00e0 l\u2019\u00e9tranger.<\/p>\n<h2><em><strong>Sa mani\u00e8re d\u2019enseigner<\/strong><\/em><\/h2>\n<p>\u00ab\u00a0Il poss\u00e9dait le don de nous rencontrer d&rsquo;abord dans notre singularit\u00e9, l\u00e0 o\u00f9 nous en \u00e9tions de nos pr\u00e9occupations et interrogations. A partir de l\u00e0 le dialogue pouvait v\u00e9ritablement m\u00fbrir puisque la philosophie a sa cause profonde dans l&rsquo;\u00eatre intime de l&rsquo;homme, dans sa soif de v\u00e9rit\u00e9 et de bonheur. Il aimait questionner pour reprendre finalement les probl\u00e8mes \u00e0 la base en partant de notre exp\u00e9rience humaine, [&#8230;] il s&rsquo;effa\u00e7ait devant les textes, nous enseignait \u00e0 \u00e9couter les grands penseurs en liant amiti\u00e9 avec eux. S&rsquo;il nous apprit \u00e0 suivre modestement les ma\u00eetres, et plus particuli\u00e8rement Aristote, c&rsquo;\u00e9tait en faisant d&rsquo;eux non pas les hommes d&rsquo;une r\u00e9ponse fig\u00e9e, mais des lib\u00e9rateurs de l&rsquo;intelligence\u00a0\u00bb.<br \/>\nHoward Hair, pr\u00e9face de <em>Personne et Soci\u00e9t\u00e9<\/em>, Editions l\u2019Harmattan (2007)<\/p>\n<p>Voici deux textes de Jacques de Monl\u00e9on :<\/p>\n<ul>\n<li style=\"list-style-type: none;\">\n<ul>\n<li><a href=\"http:\/\/association-schole.com\/wp-content\/uploads\/2019\/12\/Pourquoi-philosopher.pdf\">Pourquoi philosopher<\/a><\/li>\n<li><a href=\"http:\/\/association-schole.com\/wp-content\/uploads\/2022\/01\/Le-scepticisme.pdf\">Le scepticisme<\/a><\/li>\n<\/ul>\n<\/li>\n<\/ul>\n<h2><em>Livres publi\u00e9s<\/em><\/h2>\n<p><em><strong>Marx et Aristote, Perspectives sur l\u2019homme<\/strong>\u00a0<\/em><br \/>\nFAC \u00c9ditions (1984)<\/p>\n<p><em><strong>Personne et Soci\u00e9t\u00e9<\/strong>\u00a0<\/em><br \/>\nL\u2019Harmattan (2007)<br \/>\n<em>Quel accomplissement la soci\u00e9t\u00e9 propose-t-elle \u00e0 l\u2019homme\u00a0? De quelles exigences doivent tenir compte ceux qui gouvernent pour promouvoir une vie proprement \u00ab\u00a0humaine\u00a0\u00bb\u00a0? <\/em><br \/>\n<em>Dans ce recueil de conf\u00e9rences, l\u2019auteur fait dialoguer diff\u00e9rentes conceptions philosophiques pour nous amener aux dimensions essentielles de la personne humaine et de la vie en soci\u00e9t\u00e9. Cela dans un langage accessible et proche de l\u2019entretien familier.<\/em><\/p>\n<p><em><strong>L&rsquo;homme selon Marx<\/strong><\/em><br \/>\n\u00c9ditions du Cerf (2018)<br \/>\n<em>Quelle \u00e9tait la philosophie de Karl Marx ? Qu&rsquo;entend-on par ali\u00e9nation, dialectique, mat\u00e9rialisme, &#8230; ? Cet ouvrage d&rsquo;initiation propose de revenir aux fondements de la pens\u00e9e marxiste. Aux dates anniversaires de la premi\u00e8re mise en \u0153uvre du marxisme par la r\u00e9volution d&rsquo;octobre 1917 et du 200\u00e8me anniversaire de la naissance de Marx (1818), il faut s&rsquo;interroger sur l&rsquo;influence exerc\u00e9e par la doctrine marxiste sur la pens\u00e9e intellectuelle et sociale d&rsquo;aujourd&rsquo;hui. <\/em><br \/>\n<em>Avec la transcription des conf\u00e9rences de Jacques de Monl\u00e9on, c&rsquo;est, au-del\u00e0 du marxisme, la vie en soci\u00e9t\u00e9 et le rapport de l&rsquo;homme avec la r\u00e9alit\u00e9 qui sont interrog\u00e9s de mani\u00e8re percutante et toujours actuelle. Et cela, dans un langage accessible, qui n&rsquo;est pas r\u00e9serv\u00e9 aux \u00ab\u00a0sp\u00e9cialistes\u00a0\u00bb.<\/em><\/p>\n<p>Le 5 avril 2018, une conf\u00e9rence du philosophe Howard Hair a pr\u00e9sent\u00e9 cet ouvrage. Vous pouvez \u00e9couter cette pr\u00e9sentation ci-dessous (38 mn) :<\/p>\n<audio class=\"wp-audio-shortcode\" id=\"audio-26-1\" preload=\"none\" style=\"width: 100%;\" controls=\"controls\"><source type=\"audio\/mpeg\" src=\"http:\/\/association-schole.com\/wp-content\/uploads\/2018\/04\/pr\u00e9sentation-par-Howard-Hair-du-livre-Lhomme-selon-Marx.mp3?_=1\" \/><a href=\"http:\/\/association-schole.com\/wp-content\/uploads\/2018\/04\/pr\u00e9sentation-par-Howard-Hair-du-livre-Lhomme-selon-Marx.mp3\">http:\/\/association-schole.com\/wp-content\/uploads\/2018\/04\/pr\u00e9sentation-par-Howard-Hair-du-livre-Lhomme-selon-Marx.mp3<\/a><\/audio>\n","protected":false},"excerpt":{"rendered":"<p>Jacques de Monl\u00e9on Biographie Jacques de Monl\u00e9on (1901-1981) a enseign\u00e9 la philosophie principalement \u00e0 l&rsquo;Institut Catholique de Paris et \u00e0 l&rsquo;Universit\u00e9 Laval de Qu\u00e9bec. Ses \u00e9tudiants appr\u00e9ciaient la clart\u00e9 et la profondeur de son enseignement. Mais il ne s\u2019adressait pas seulement aux \u00ab\u00a0sp\u00e9cialistes\u00a0\u00bb\u00a0; il a toujours aim\u00e9 rencontrer des interlocuteurs de tous horizons\u00a0: responsables d&rsquo;entreprises, &hellip; <a href=\"http:\/\/association-schole.com\/index.php\/auteurs\/jacques_de_monleon\/\" class=\"more-link\">Continuer la lecture de <span class=\"screen-reader-text\">Jacques de Monl\u00e9on<\/span> <span class=\"meta-nav\">&rarr;<\/span><\/a><\/p>\n","protected":false},"author":1,"featured_media":0,"parent":21,"menu_order":0,"comment_status":"closed","ping_status":"closed","template":"","meta":{"footnotes":""},"class_list":["post-26","page","type-page","status-publish","hentry"],"_links":{"self":[{"href":"http:\/\/association-schole.com\/index.php\/wp-json\/wp\/v2\/pages\/26","targetHints":{"allow":["GET"]}}],"collection":[{"href":"http:\/\/association-schole.com\/index.php\/wp-json\/wp\/v2\/pages"}],"about":[{"href":"http:\/\/association-schole.com\/index.php\/wp-json\/wp\/v2\/types\/page"}],"author":[{"embeddable":true,"href":"http:\/\/association-schole.com\/index.php\/wp-json\/wp\/v2\/users\/1"}],"replies":[{"embeddable":true,"href":"http:\/\/association-schole.com\/index.php\/wp-json\/wp\/v2\/comments?post=26"}],"version-history":[{"count":34,"href":"http:\/\/association-schole.com\/index.php\/wp-json\/wp\/v2\/pages\/26\/revisions"}],"predecessor-version":[{"id":401,"href":"http:\/\/association-schole.com\/index.php\/wp-json\/wp\/v2\/pages\/26\/revisions\/401"}],"up":[{"embeddable":true,"href":"http:\/\/association-schole.com\/index.php\/wp-json\/wp\/v2\/pages\/21"}],"wp:attachment":[{"href":"http:\/\/association-schole.com\/index.php\/wp-json\/wp\/v2\/media?parent=26"}],"curies":[{"name":"wp","href":"https:\/\/api.w.org\/{rel}","templated":true}]}}